{"id":4037,"date":"2024-07-13T19:22:11","date_gmt":"2024-07-13T19:22:11","guid":{"rendered":"https:\/\/eljardin.cr\/?page_id=4037"},"modified":"2024-07-15T22:31:33","modified_gmt":"2024-07-15T22:31:33","slug":"artesanias","status":"publish","type":"page","link":"https:\/\/eljardin.cr\/en\/artesanias\/","title":{"rendered":"Handicrafts"},"content":{"rendered":"<div data-elementor-type=\"wp-page\" data-elementor-id=\"4037\" class=\"elementor elementor-4037\" data-elementor-post-type=\"page\">\n\t\t\t\t\t\t<section class=\"elementor-section elementor-top-section elementor-element elementor-element-e6fbb07 elementor-section-full_width elementor-section-height-default elementor-section-height-default\" data-id=\"e6fbb07\" data-element_type=\"section\">\n\t\t\t\t\t\t<div class=\"elementor-container elementor-column-gap-no\">\n\t\t\t\t\t<div class=\"elementor-column elementor-col-100 elementor-top-column elementor-element elementor-element-eafc035\" data-id=\"eafc035\" data-element_type=\"column\">\n\t\t\t<div class=\"elementor-widget-wrap elementor-element-populated\">\n\t\t\t\t\t\t<div class=\"elementor-element elementor-element-ac9ae69 elementor-widget elementor-widget-ms-hero\" data-id=\"ac9ae69\" data-element_type=\"widget\" data-widget_type=\"ms-hero.default\">\n\t\t\t\t<div class=\"elementor-widget-container\">\n\t\t\t\t\t\r\n        <section class=\"ms-hero\" id=\"ac9ae69\">\r\n\r\n            \r\n                            <div class=\"ms-parallax\" data-speed=\"0.7\" data-type=\"scroll\">\r\n                                            <img decoding=\"async\" class=\"jarallax-img\" src=\"https:\/\/eljardin.cr\/wp-content\/uploads\/2024\/06\/DSC_5542w.webp\" alt=\"\">\r\n                                                        <\/div>\r\n            \r\n            \r\n                \r\n                \r\n            \r\n        <\/section>\r\n\r\n    \t\t\t\t<\/div>\n\t\t\t\t<\/div>\n\t\t\t\t\t<\/div>\n\t\t<\/div>\n\t\t\t\t\t<\/div>\n\t\t<\/section>\n\t\t<div class=\"elementor-element elementor-element-3b67bc7 e-flex e-con-boxed e-con e-parent\" data-id=\"3b67bc7\" data-element_type=\"container\">\n\t\t\t\t\t<div class=\"e-con-inner\">\n\t\t<div class=\"elementor-element elementor-element-98c6ddd e-con-full e-flex e-con e-child\" data-id=\"98c6ddd\" data-element_type=\"container\" data-settings=\"{&quot;background_background&quot;:&quot;classic&quot;}\">\n\t\t\t\t<div class=\"elementor-element elementor-element-8ac5045 elementor-widget elementor-widget-heading\" data-id=\"8ac5045\" data-element_type=\"widget\" data-widget_type=\"heading.default\">\n\t\t\t\t<div class=\"elementor-widget-container\">\n\t\t\t\t\t<h2 class=\"elementor-heading-title elementor-size-default\">Handicrafts<\/h2>\t\t\t\t<\/div>\n\t\t\t\t<\/div>\n\t\t\t\t<\/div>\n\t\t\t\t\t<\/div>\n\t\t\t\t<\/div>\n\t\t<div class=\"elementor-element elementor-element-6b65032 e-flex e-con-boxed e-con e-parent\" data-id=\"6b65032\" data-element_type=\"container\">\n\t\t\t\t\t<div class=\"e-con-inner\">\n\t\t\t\t<div class=\"elementor-element elementor-element-2c57453 elementor-widget elementor-widget-text-editor\" data-id=\"2c57453\" data-element_type=\"widget\" data-widget_type=\"text-editor.default\">\n\t\t\t\t<div class=\"elementor-widget-container\">\n\t\t\t\t\t\t\t\t\t<p>Preserving Costa Rican folk art is crucial for safeguarding the country's rich cultural identity. Through its traditional artistic expressions, Costa Rica conveys values, beliefs, and traditions rooted in centuries of history, reflecting the ethnic and cultural diversity of its people.<\/p>\t\t\t\t\t\t\t\t<\/div>\n\t\t\t\t<\/div>\n\t\t\t\t\t<\/div>\n\t\t\t\t<\/div>\n\t\t<div class=\"elementor-element elementor-element-1fedeff elementor-hidden-laptop elementor-hidden-tablet e-flex e-con-boxed e-con e-parent\" data-id=\"1fedeff\" data-element_type=\"container\">\n\t\t\t\t\t<div class=\"e-con-inner\">\n\t\t\t\t<div class=\"elementor-element elementor-element-a60edaa elementor-widget elementor-widget-ms_gallery\" data-id=\"a60edaa\" data-element_type=\"widget\" data-widget_type=\"ms_gallery.default\">\n\t\t\t\t<div class=\"elementor-widget-container\">\n\t\t\t\t\t                \r\n                <div id=\"a60edaa\">\r\n                    <div class=\"justified-gallery blockgallery h_s2\" data-row-height=\"326\" data-margins=\"10\">\r\n                                                                                                            <a class=\"mfp-img\" href=\"https:\/\/eljardin.cr\/wp-content\/uploads\/2024\/06\/DSC_5454w.webp\" title=\"\">\r\n                                <img decoding=\"async\" src=\"https:\/\/eljardin.cr\/wp-content\/uploads\/2024\/06\/DSC_5454w.webp\" alt=\"DSC_5454w\" loading=\"lazy\"\/>\r\n                                                            <\/a>\r\n                                                                                                                                        <a class=\"mfp-img\" href=\"https:\/\/eljardin.cr\/wp-content\/uploads\/2024\/06\/IMG_5428w.webp\" title=\"\">\r\n                                <img decoding=\"async\" src=\"https:\/\/eljardin.cr\/wp-content\/uploads\/2024\/06\/IMG_5428w.webp\" alt=\"IMG_5428w\" loading=\"lazy\"\/>\r\n                                                            <\/a>\r\n                                                                                                                                        <a class=\"mfp-img\" href=\"https:\/\/eljardin.cr\/wp-content\/uploads\/2024\/07\/DSC_5523.webp\" title=\"\">\r\n                                <img decoding=\"async\" src=\"https:\/\/eljardin.cr\/wp-content\/uploads\/2024\/07\/DSC_5523.webp\" alt=\"DSC_5523\" loading=\"lazy\"\/>\r\n                                                            <\/a>\r\n                                                                                                                                        <a class=\"mfp-img\" href=\"https:\/\/eljardin.cr\/wp-content\/uploads\/2024\/07\/DSC_5374-web.webp\" title=\"\">\r\n                                <img decoding=\"async\" src=\"https:\/\/eljardin.cr\/wp-content\/uploads\/2024\/07\/DSC_5374-web.webp\" alt=\"DSC_5374 web\" loading=\"lazy\"\/>\r\n                                                            <\/a>\r\n                                                                                                                                        <a class=\"mfp-img\" href=\"https:\/\/eljardin.cr\/wp-content\/uploads\/2024\/07\/DSC_5555-web.webp\" title=\"\">\r\n                                <img decoding=\"async\" src=\"https:\/\/eljardin.cr\/wp-content\/uploads\/2024\/07\/DSC_5555-web.webp\" alt=\"DSC_5555 web\" loading=\"lazy\"\/>\r\n                                                            <\/a>\r\n                                                                        <\/div>\r\n                <\/div>\r\n\r\n                \t\t\t\t<\/div>\n\t\t\t\t<\/div>\n\t\t\t\t\t<\/div>\n\t\t\t\t<\/div>\n\t\t<div class=\"elementor-element elementor-element-7bb60c5 elementor-hidden-desktop elementor-hidden-mobile e-flex e-con-boxed e-con e-parent\" data-id=\"7bb60c5\" data-element_type=\"container\">\n\t\t\t\t\t<div class=\"e-con-inner\">\n\t\t\t\t<div class=\"elementor-element elementor-element-ea6ca7d elementor-widget elementor-widget-ms_gallery\" data-id=\"ea6ca7d\" data-element_type=\"widget\" data-widget_type=\"ms_gallery.default\">\n\t\t\t\t<div class=\"elementor-widget-container\">\n\t\t\t\t\t\r\n                <!-- Grid -->\r\n                <div class=\"ms-content--portfolio\" id=\"ea6ca7d\">\r\n                    <div class=\"row grid grid-content blockgallery h_s2\">\r\n                        <div class=\"grid-sizer col-xs-12 col-lg-4 col-md-3\"><\/div>\r\n                                                    <div class=\"grid-item col-6 col-lg-4 col-md-4\">\r\n                                                                                                <a class=\"mfp-img\" href=\"https:\/\/eljardin.cr\/wp-content\/uploads\/2024\/06\/DSC_5454w.webp\" title=\"\">\r\n                                        <figure class=\"media-wrapper media-wrapper--3:4\">\r\n                                            <img decoding=\"async\" src=\"https:\/\/eljardin.cr\/wp-content\/uploads\/2024\/06\/DSC_5454w.webp\" alt=\"DSC_5454w\" loading=\"lazy\"\/>\r\n                                                                                    <\/figure>\r\n                                    <\/a>\r\n                                                            <\/div>\r\n                                                    <div class=\"grid-item col-6 col-lg-4 col-md-4\">\r\n                                                                                                <a class=\"mfp-img\" href=\"https:\/\/eljardin.cr\/wp-content\/uploads\/2024\/06\/IMG_5428w.webp\" title=\"\">\r\n                                        <figure class=\"media-wrapper media-wrapper--3:4\">\r\n                                            <img decoding=\"async\" src=\"https:\/\/eljardin.cr\/wp-content\/uploads\/2024\/06\/IMG_5428w.webp\" alt=\"IMG_5428w\" loading=\"lazy\"\/>\r\n                                                                                    <\/figure>\r\n                                    <\/a>\r\n                                                            <\/div>\r\n                                                    <div class=\"grid-item col-6 col-lg-4 col-md-4\">\r\n                                                                                                <a class=\"mfp-img\" href=\"https:\/\/eljardin.cr\/wp-content\/uploads\/2024\/07\/DSC_5523.webp\" title=\"\">\r\n                                        <figure class=\"media-wrapper media-wrapper--3:4\">\r\n                                            <img decoding=\"async\" src=\"https:\/\/eljardin.cr\/wp-content\/uploads\/2024\/07\/DSC_5523.webp\" alt=\"DSC_5523\" loading=\"lazy\"\/>\r\n                                                                                    <\/figure>\r\n                                    <\/a>\r\n                                                            <\/div>\r\n                                                    <div class=\"grid-item col-6 col-lg-4 col-md-4\">\r\n                                                                                                <a class=\"mfp-img\" href=\"https:\/\/eljardin.cr\/wp-content\/uploads\/2024\/07\/DSC_5374-web.webp\" title=\"\">\r\n                                        <figure class=\"media-wrapper media-wrapper--3:4\">\r\n                                            <img decoding=\"async\" src=\"https:\/\/eljardin.cr\/wp-content\/uploads\/2024\/07\/DSC_5374-web.webp\" alt=\"DSC_5374 web\" loading=\"lazy\"\/>\r\n                                                                                    <\/figure>\r\n                                    <\/a>\r\n                                                            <\/div>\r\n                                                    <div class=\"grid-item col-6 col-lg-4 col-md-4\">\r\n                                                                                                <a class=\"mfp-img\" href=\"https:\/\/eljardin.cr\/wp-content\/uploads\/2024\/07\/DSC_5555-web.webp\" title=\"\">\r\n                                        <figure class=\"media-wrapper media-wrapper--3:4\">\r\n                                            <img decoding=\"async\" src=\"https:\/\/eljardin.cr\/wp-content\/uploads\/2024\/07\/DSC_5555-web.webp\" alt=\"DSC_5555 web\" loading=\"lazy\"\/>\r\n                                                                                    <\/figure>\r\n                                    <\/a>\r\n                                                            <\/div>\r\n                                            <\/div>\r\n                <\/div>\r\n\r\n            \t\t\t\t<\/div>\n\t\t\t\t<\/div>\n\t\t\t\t\t<\/div>\n\t\t\t\t<\/div>\n\t\t<div class=\"elementor-element elementor-element-a05067a e-flex e-con-boxed e-con e-parent\" data-id=\"a05067a\" data-element_type=\"container\">\n\t\t\t\t\t<div class=\"e-con-inner\">\n\t\t\t\t<div class=\"elementor-element elementor-element-f045dca elementor-widget elementor-widget-text-editor\" data-id=\"f045dca\" data-element_type=\"widget\" data-widget_type=\"text-editor.default\">\n\t\t\t\t<div class=\"elementor-widget-container\">\n\t\t\t\t\t\t\t\t\t<p>At El Jard\u00edn, we value and support local artisans, helping them achieve the growth they need. We believe that local art conveys the essence of our country to the world.<\/p><p>For this reason, in our stores you can find a great variety of handicrafts, from Boruca masks to the typical Costa Rican carts, as well as pieces in wood and clay. It is essential to support and know the national art, giving the deserved value to these unique pieces of Costa Rican art.<\/p>\t\t\t\t\t\t\t\t<\/div>\n\t\t\t\t<\/div>\n\t\t\t\t\t<\/div>\n\t\t\t\t<\/div>\n\t\t<div class=\"elementor-element elementor-element-bcd0074 e-flex e-con-boxed e-con e-parent\" data-id=\"bcd0074\" data-element_type=\"container\">\n\t\t\t\t\t<div class=\"e-con-inner\">\n\t\t\t\t<div class=\"elementor-element elementor-element-87896a1 elementor-widget elementor-widget-ms_gallery\" data-id=\"87896a1\" data-element_type=\"widget\" data-widget_type=\"ms_gallery.default\">\n\t\t\t\t<div class=\"elementor-widget-container\">\n\t\t\t\t\t                \r\n                <div id=\"87896a1\">\r\n                    <div class=\"justified-gallery blockgallery h_s2\" data-row-height=\"326\" data-margins=\"10\">\r\n                                                                                                            <a class=\"mfp-img\" href=\"https:\/\/eljardin.cr\/wp-content\/uploads\/2024\/07\/DSC_5384web-scaled.webp\" title=\"\">\r\n                                <img decoding=\"async\" src=\"https:\/\/eljardin.cr\/wp-content\/uploads\/2024\/07\/DSC_5384web-scaled.webp\" alt=\"DSC_5384web\" loading=\"lazy\"\/>\r\n                                                            <\/a>\r\n                                                                                                                                        <a class=\"mfp-img\" href=\"https:\/\/eljardin.cr\/wp-content\/uploads\/2024\/07\/DSC_5595web.webp\" title=\"\">\r\n                                <img decoding=\"async\" src=\"https:\/\/eljardin.cr\/wp-content\/uploads\/2024\/07\/DSC_5595web.webp\" alt=\"DSC_5595web\" loading=\"lazy\"\/>\r\n                                                            <\/a>\r\n                                                                                                                                        <a class=\"mfp-img\" href=\"https:\/\/eljardin.cr\/wp-content\/uploads\/2024\/07\/DSC_0166web.webp\" title=\"\">\r\n                                <img decoding=\"async\" src=\"https:\/\/eljardin.cr\/wp-content\/uploads\/2024\/07\/DSC_0166web.webp\" alt=\"DSC_0166web\" loading=\"lazy\"\/>\r\n                                                            <\/a>\r\n                                                                                                                                        <a class=\"mfp-img\" href=\"https:\/\/eljardin.cr\/wp-content\/uploads\/2024\/07\/tienda-eloy-web-scaled.webp\" title=\"\">\r\n                                <img decoding=\"async\" src=\"https:\/\/eljardin.cr\/wp-content\/uploads\/2024\/07\/tienda-eloy-web-scaled.webp\" alt=\"tienda eloy web\" loading=\"lazy\"\/>\r\n                                                            <\/a>\r\n                                                                        <\/div>\r\n                <\/div>\r\n\r\n                \t\t\t\t<\/div>\n\t\t\t\t<\/div>\n\t\t\t\t\t<\/div>\n\t\t\t\t<\/div>\n\t\t\t\t<\/div>","protected":false},"excerpt":{"rendered":"<p>Artesan\u00edas Conservar el arte folcl\u00f3rico costarricense es crucial para salvaguardar la rica identidad cultural del pa\u00eds. A trav\u00e9s de sus expresiones art\u00edsticas tradicionales, Costa [&hellip;]<\/p>\n","protected":false},"author":1,"featured_media":3293,"parent":0,"menu_order":0,"comment_status":"closed","ping_status":"closed","template":"page-custom.php","meta":{"_monsterinsights_skip_tracking":false,"_monsterinsights_sitenote_active":false,"_monsterinsights_sitenote_note":"","_monsterinsights_sitenote_category":0,"footnotes":""},"class_list":["post-4037","page","type-page","status-publish","has-post-thumbnail","hentry"],"_links":{"self":[{"href":"https:\/\/eljardin.cr\/en\/wp-json\/wp\/v2\/pages\/4037","targetHints":{"allow":["GET"]}}],"collection":[{"href":"https:\/\/eljardin.cr\/en\/wp-json\/wp\/v2\/pages"}],"about":[{"href":"https:\/\/eljardin.cr\/en\/wp-json\/wp\/v2\/types\/page"}],"author":[{"embeddable":true,"href":"https:\/\/eljardin.cr\/en\/wp-json\/wp\/v2\/users\/1"}],"replies":[{"embeddable":true,"href":"https:\/\/eljardin.cr\/en\/wp-json\/wp\/v2\/comments?post=4037"}],"version-history":[{"count":37,"href":"https:\/\/eljardin.cr\/en\/wp-json\/wp\/v2\/pages\/4037\/revisions"}],"predecessor-version":[{"id":4097,"href":"https:\/\/eljardin.cr\/en\/wp-json\/wp\/v2\/pages\/4037\/revisions\/4097"}],"wp:featuredmedia":[{"embeddable":true,"href":"https:\/\/eljardin.cr\/en\/wp-json\/wp\/v2\/media\/3293"}],"wp:attachment":[{"href":"https:\/\/eljardin.cr\/en\/wp-json\/wp\/v2\/media?parent=4037"}],"curies":[{"name":"wp","href":"https:\/\/api.w.org\/{rel}","templated":true}]}}